{"id":13445,"date":"2023-12-19T14:39:38","date_gmt":"2023-12-19T14:39:38","guid":{"rendered":"https:\/\/pmcengineering.net\/?page_id=13445"},"modified":"2024-01-24T10:19:48","modified_gmt":"2024-01-24T10:19:48","slug":"a-propos-de-nous","status":"publish","type":"page","link":"https:\/\/pmcengineering.net\/fr\/a-propos-de-nous\/","title":{"rendered":"\u00c0 propos de nous"},"content":{"rendered":"<section class=\"l-section wpb_row height_medium\" id=\"committed\"><div class=\"l-section-h i-cf\"><div class=\"g-cols vc_row via_grid cols_1 laptops-cols_inherit tablets-cols_inherit mobiles-cols_1 valign_top type_default stacking_default\"><div class=\"wpb_column vc_column_container\"><div class=\"vc_column-inner\"><h2 class=\"w-text\"><span class=\"w-text-h\"><span class=\"w-text-value\">About Us<\/span><\/span><\/h2><h3 class=\"w-text\"><span class=\"w-text-h\"><span class=\"w-text-value\">Committed to Excellence<\/span><\/span><\/h3><div class=\"g-cols wpb_row via_grid cols_2 laptops-cols_inherit tablets-cols_inherit mobiles-cols_1 valign_top type_default stacking_default\" style=\"--columns-gap:3rem;\"><div class=\"wpb_column vc_column_container\"><div class=\"vc_column-inner\"><div class=\"wpb_text_column\"><div class=\"wpb_wrapper\"><p><strong>PMC Mining, Engineering and Machinery is a family-owned company that has been in the business since 1990. Founded by two engineer brothers, PMC has been operating around the globe, primarily in the Middle East, providing high-quality materials, projects, and equipment to their clients.<\/strong><\/p>\n<\/div><\/div><div class=\"wpb_text_column\"><div class=\"wpb_wrapper\"><p>As the world began to grapple with the increasing issue of water pollution, the proprietors of PMC recognized the urgency of the situation and decided to take a stand by incorporating water and wastewater treatment into their spectrum of operations. This meaningful work quickly turned into a passion for the team, leading them to become experts in designing and manufacturing various water and wastewater treatment equipment under the brand name PMC Engineering.<\/p>\n<p>With our expertise in water and wastewater treatment, PMC Engineering has become a trusted name in the industry. Our commitment to delivering high-quality solutions that are sustainable and environmentally responsible has helped us build a strong reputation among our clients. We take pride in our ability to provide customized solutions that meet the specific needs of our clients, ensuring that they receive the best possible outcome for their water and wastewater treatment requirements.<\/p>\n<p>As we continue to grow, PMC Engineering remains committed to upholding our core values of integrity, transparency, and excellence in everything we do. We are driven by our passion to make a positive impact on the world by providing safe and sustainable solutions for water and wastewater treatment.<\/p>\n<\/div><\/div><\/div><\/div><div class=\"wpb_column vc_column_container\"><div class=\"vc_column-inner\"><div class=\"w-image align_none\"><div class=\"w-image-h\"><img decoding=\"async\" width=\"458\" height=\"455\" src=\"https:\/\/pmcengineering.net\/wp-content\/uploads\/2023\/12\/4-3.png\" class=\"attachment-large size-large\" alt=\"About Us\" loading=\"lazy\" srcset=\"https:\/\/pmcengineering.net\/wp-content\/uploads\/2023\/12\/4-3.png 458w, https:\/\/pmcengineering.net\/wp-content\/uploads\/2023\/12\/4-3-300x298.png 300w, https:\/\/pmcengineering.net\/wp-content\/uploads\/2023\/12\/4-3-150x150.png 150w\" sizes=\"auto, (max-width: 458px) 100vw, 458px\" \/><\/div><\/div><div class=\"w-separator size_medium\"><\/div><h4 class=\"w-text\"><span class=\"w-text-h\"><span class=\"w-text-value\">More Than 40 Years Experience In<\/span><\/span><\/h4><div class=\"w-hwrapper valign_top wrap stack_on_mobiles align_none\" style=\"--hwrapper-gap:0.5rem\"><div class=\"w-iconbox us_custom_85913c1a has_text_color iconpos_top style_default color_custom align_center no_text\"><div class=\"w-iconbox-icon\" style=\"font-size:2rem;--icon-color:#ffffff;--icon-bg-color:var(--color-header-middle-bg);\"><i class=\"fal fa-user-hard-hat\"><\/i><\/div><div class=\"w-iconbox-meta\"><h3 class=\"w-iconbox-title\" style=\"font-size:18px;\">Project Design<\/h3><\/div><\/div><div class=\"w-iconbox us_custom_85913c1a has_text_color iconpos_top style_default color_custom align_center no_text\"><div class=\"w-iconbox-icon\" style=\"font-size:2rem;--icon-color:#ffffff;--icon-bg-color:var(--color-header-middle-bg);\"><i class=\"fal fa-cogs\"><\/i><\/div><div class=\"w-iconbox-meta\"><h3 class=\"w-iconbox-title\" style=\"font-size:18px;\">Installation &#038; Startup<\/h3><\/div><\/div><div class=\"w-iconbox us_custom_a8ebfe4b has_text_color iconpos_top style_default color_custom align_center no_text\"><div class=\"w-iconbox-icon\" style=\"font-size:2rem;--icon-color:#ffffff;--icon-bg-color:var(--color-header-middle-bg);\"><i class=\"fal fa-clipboard-list-check\"><\/i><\/div><div class=\"w-iconbox-meta\"><h3 class=\"w-iconbox-title\" style=\"font-size:18px;\">Procurement<\/h3><\/div><\/div><\/div><\/div><\/div><\/div><\/div><\/div><\/div><\/div><\/section><section class=\"l-section wpb_row height_medium\" id=\"vision\"><div class=\"l-section-h i-cf\"><div class=\"g-cols vc_row via_grid cols_1 laptops-cols_inherit tablets-cols_inherit mobiles-cols_1 valign_top type_default stacking_default\"><div class=\"wpb_column vc_column_container us_custom_7495e7ed has_bg_color\"><div class=\"vc_column-inner\"><div class=\"g-cols wpb_row via_grid cols_2 laptops-cols_inherit tablets-cols_inherit mobiles-cols_1 valign_top type_default stacking_default\" style=\"--columns-gap:3rem;\"><div class=\"wpb_column vc_column_container\"><div class=\"vc_column-inner\"><h2 class=\"w-text\"><span class=\"w-text-h\"><span class=\"w-text-value\">Vision<\/span><\/span><\/h2><div class=\"wpb_text_column\"><div class=\"wpb_wrapper\"><p>Notre vision est de devenir un fournisseur leader de solutions innovantes et durables de traitement de l\u2019eau pour les petites communaut\u00e9s et les entreprises. Nous visons \u00e0 \u00eatre reconnus pour notre expertise, notre fiabilit\u00e9 et notre engagement envers la qualit\u00e9, la s\u00e9curit\u00e9 et la responsabilit\u00e9 environnementale. Notre objectif est de b\u00e2tir une client\u00e8le fid\u00e8le qui valorise notre approche personnalis\u00e9e et flexible, ainsi que notre d\u00e9vouement \u00e0 la satisfaction de la client\u00e8le. Nous aspirons \u00e0 \u00e9tendre nos activit\u00e9s et \u00e0 atteindre de nouveaux march\u00e9s, tout en restant fid\u00e8les \u00e0 nos valeurs et principes fondamentaux. Nous envisageons un avenir o\u00f9 l\u2019acc\u00e8s \u00e0 une eau salubre et propre est un droit universel, et o\u00f9 notre entreprise joue un r\u00f4le important pour en faire une r\u00e9alit\u00e9.<\/p>\n<\/div><\/div><\/div><\/div><div class=\"wpb_column vc_column_container\"><div class=\"vc_column-inner\"><h2 class=\"w-text\"><span class=\"w-text-h\"><span class=\"w-text-value\">Mission<\/span><\/span><\/h2><div class=\"wpb_text_column\"><div class=\"wpb_wrapper\"><p>Notre mission est de fournir des solutions de traitement de l\u2019eau s\u00fbres et durables qui am\u00e9liorent la qualit\u00e9 de vie des personnes et de l\u2019environnement. Nous nous effor\u00e7ons de d\u00e9velopper des technologies et des services innovants et efficaces qui garantissent l\u2019acc\u00e8s \u00e0 une eau propre et saine pour tous. Nous nous engageons \u00e0 adopter des pratiques commerciales \u00e9thiques et transparentes, et nous visons \u00e0 \u00e9tablir des relations solides avec nos clients, employ\u00e9s et partenaires, bas\u00e9es sur la confiance et le respect mutuels. Notre objectif ultime est de contribuer \u00e0 un avenir plus durable et r\u00e9silient, o\u00f9 l\u2019eau n\u2019est plus une ressource rare, mais une source de vie et de prosp\u00e9rit\u00e9 pour tous.<\/p>\n<\/div><\/div><\/div><\/div><\/div><\/div><\/div><\/div><\/div><\/section><section class=\"l-section wpb_row height_medium\" id=\"services\"><div class=\"l-section-h i-cf\"><div class=\"g-cols vc_row via_grid cols_1 laptops-cols_inherit tablets-cols_inherit mobiles-cols_1 valign_top type_default stacking_default\"><div class=\"wpb_column vc_column_container\"><div class=\"vc_column-inner\"><h2 class=\"w-text\"><span class=\"w-text-h\"><span class=\"w-text-value\">Prestations de service<\/span><\/span><\/h2><div class=\"g-cols wpb_row via_grid cols_2 laptops-cols_inherit tablets-cols_inherit mobiles-cols_1 valign_top type_default stacking_default\" style=\"--columns-gap:3rem;\"><div class=\"wpb_column vc_column_container\"><div class=\"vc_column-inner\"><div class=\"wpb_text_column\"><div class=\"wpb_wrapper\"><p><strong>Conception de projet :<\/strong>\u00a0Notre \u00e9quipe exp\u00e9riment\u00e9e de R&amp;D propose des services de conception de projet pour r\u00e9pondre aux demandes des clients en s\u00e9lectionnant des produits de haute technologie dans les capacit\u00e9s et les conceptions requises.<\/p>\n<p><strong>Supervision\u00a0:<\/strong>\u00a0Nous fournissons des services de supervision pour la mise en service, l\u2019installation et la post-installation des installations par notre \u00e9quipe qualifi\u00e9e.<\/p>\n<p><strong>Installation et assemblage\u00a0:<\/strong>\u00a0notre \u00e9quipe d\u2019experts s\u2019occupe de l\u2019installation et de l\u2019assemblage du syst\u00e8me, assurant ainsi un fonctionnement sans heurts. Les clients re\u00e7oivent une formation sur le contr\u00f4le du syst\u00e8me apr\u00e8s l\u2019installation.<\/p>\n<p><strong>Consultation de projet :<\/strong>\u00a0Nous fournissons des services de conseil aux clients qui construisent ou envisagent de construire des usines selon leurs demandes. Nous pouvons \u00e9galement aider \u00e0 cr\u00e9er des sp\u00e9cifications techniques et d\u00e9terminer les projets n\u00e9cessaires.<\/p>\n<p><strong>Usines de traitement cl\u00e9s en main\u00a0:<\/strong>\u00a0nous livrons des projets cl\u00e9s en main pour les clients dans les capacit\u00e9s et les conceptions souhait\u00e9es. Notre entreprise propose tous les processus, de l\u2019analyse de l\u2019eau \u00e0 la construction d\u2019usines, en passant par la mise en service, les travaux \u00e9lectriques et d\u2019automatisation et la formation.<\/p>\n<p><strong>Approvisionnement en mat\u00e9riel :<\/strong>\u00a0Avec un vaste r\u00e9seau de concessionnaires et l\u2019une des plus grandes zones de stockage du secteur, nous fournissons rapidement les mat\u00e9riaux principaux et de rechange.<\/p>\n<p><strong>Services d\u2019importation et d\u2019exportation :<\/strong>\u00a0Nous proposons des services d\u2019importation et d\u2019exportation pour tous les types de produits selon les demandes des clients, en tirant parti de nos concessions \u00e0 l\u2019\u00e9tranger et de plus de 40 ans d\u2019exp\u00e9rience.<\/p>\n<p><strong>Formation :<\/strong>\u00a0Notre \u00e9quipe d\u2019experts propose des formations en gestion, finance, vente et marketing pour am\u00e9liorer les m\u00e9tiers des concessionnaires avec de meilleures pratiques de gestion et stimuler la motivation.<\/p>\n<\/div><\/div><\/div><\/div><div class=\"wpb_column vc_column_container\"><div class=\"vc_column-inner\"><div class=\"w-image align_none\"><div class=\"w-image-h\"><img decoding=\"async\" width=\"458\" height=\"455\" src=\"https:\/\/pmcengineering.net\/wp-content\/uploads\/2023\/12\/5-3.png\" class=\"attachment-large size-large\" alt=\"About Us\" loading=\"lazy\" srcset=\"https:\/\/pmcengineering.net\/wp-content\/uploads\/2023\/12\/5-3.png 458w, https:\/\/pmcengineering.net\/wp-content\/uploads\/2023\/12\/5-3-300x298.png 300w, https:\/\/pmcengineering.net\/wp-content\/uploads\/2023\/12\/5-3-150x150.png 150w\" sizes=\"auto, (max-width: 458px) 100vw, 458px\" \/><\/div><\/div><\/div><\/div><\/div><\/div><\/div><\/div><\/div><\/section><section class=\"l-section wpb_row height_medium\" id=\"bank\"><div class=\"l-section-h i-cf\"><div class=\"g-cols vc_row via_grid cols_1 laptops-cols_inherit tablets-cols_inherit mobiles-cols_1 valign_top type_default stacking_default\"><div class=\"wpb_column vc_column_container\"><div class=\"vc_column-inner\"><div class=\"g-cols wpb_row via_grid cols_2 laptops-cols_inherit tablets-cols_inherit mobiles-cols_1 valign_top type_default stacking_default\" style=\"--columns-gap:3rem;\"><div class=\"wpb_column vc_column_container us_custom_7495e7ed has_bg_color\"><div class=\"vc_column-inner\"><h2 class=\"w-text us_custom_9b41c4c4\"><span class=\"w-text-h\"><span class=\"w-text-value\">Nos marques<\/span><\/span><\/h2><div class=\"w-image align_none\"><div class=\"w-image-h\"><img decoding=\"async\" width=\"300\" height=\"143\" src=\"https:\/\/pmcengineering.net\/wp-content\/uploads\/2023\/12\/logo-dark-300x143-1.webp\" class=\"attachment-large size-large\" alt=\"Logo\" loading=\"lazy\" \/><\/div><\/div><\/div><\/div><div class=\"wpb_column vc_column_container us_custom_7495e7ed has_bg_color\"><div class=\"vc_column-inner\"><h2 class=\"w-text us_custom_9b41c4c4\"><span class=\"w-text-h\"><span class=\"w-text-value\">Nom commercial et informations bancaires<\/span><\/span><\/h2><div class=\"wpb_text_column us_custom_c5c2f7a2\"><div class=\"wpb_wrapper\"><p><strong>BANK: ALBARAKA TURK<\/strong><br \/>\nPMC TEKNOLOJI SANAYI VE TICARET ANONIM SIRKETI ATAT\u00dcRK MAH. SEDEF CAD. NO: 3 \/1 ATASEHIR\/ ISTANBUL<br \/>\nKozyatagi VD 7300812836<br \/>\nTL \u2013 TR84 0020 3000 0947 0651 0000 02<br \/>\nUSD \u2013 TR57 0020 3000 0947 0651 0000 03<br \/>\nEURO- TR30 0020 3000 0947 0651 0000 04<\/p>\n<\/div><\/div><\/div><\/div><\/div><\/div><\/div><\/div><\/div><\/section>\n","protected":false},"excerpt":{"rendered":"About UsCommitted to ExcellencePMC Mining, Engineering and Machinery is a family-owned company that has been in the business since 1990. Founded by two engineer brothers, PMC has been operating around the globe, primarily in the Middle East, providing high-quality materials, projects, and equipment to their clients. As the world began to grapple with the increasing...","protected":false},"author":1,"featured_media":12788,"parent":0,"menu_order":0,"comment_status":"closed","ping_status":"closed","template":"","meta":{"_acf_changed":false,"footnotes":""},"class_list":["post-13445","page","type-page","status-publish","has-post-thumbnail","hentry"],"acf":[],"_links":{"self":[{"href":"https:\/\/pmcengineering.net\/fr\/wp-json\/wp\/v2\/pages\/13445","targetHints":{"allow":["GET"]}}],"collection":[{"href":"https:\/\/pmcengineering.net\/fr\/wp-json\/wp\/v2\/pages"}],"about":[{"href":"https:\/\/pmcengineering.net\/fr\/wp-json\/wp\/v2\/types\/page"}],"author":[{"embeddable":true,"href":"https:\/\/pmcengineering.net\/fr\/wp-json\/wp\/v2\/users\/1"}],"replies":[{"embeddable":true,"href":"https:\/\/pmcengineering.net\/fr\/wp-json\/wp\/v2\/comments?post=13445"}],"version-history":[{"count":0,"href":"https:\/\/pmcengineering.net\/fr\/wp-json\/wp\/v2\/pages\/13445\/revisions"}],"wp:featuredmedia":[{"embeddable":true,"href":"https:\/\/pmcengineering.net\/fr\/wp-json\/wp\/v2\/media\/12788"}],"wp:attachment":[{"href":"https:\/\/pmcengineering.net\/fr\/wp-json\/wp\/v2\/media?parent=13445"}],"curies":[{"name":"wp","href":"https:\/\/api.w.org\/{rel}","templated":true}]}}