{"id":13511,"date":"2023-12-19T14:40:13","date_gmt":"2023-12-19T14:40:13","guid":{"rendered":"https:\/\/pmcengineering.net\/solutions-technology\/"},"modified":"2024-05-07T12:53:54","modified_gmt":"2024-05-07T12:53:54","slug":"solutions-et-technologie","status":"publish","type":"page","link":"https:\/\/pmcengineering.net\/fr\/solutions-et-technologie\/","title":{"rendered":"Solutions et Technologie"},"content":{"rendered":"<section class=\"l-section wpb_row height_medium\"><div class=\"l-section-h i-cf\"><div class=\"g-cols vc_row via_grid cols_1 laptops-cols_inherit tablets-cols_inherit mobiles-cols_1 valign_top type_default stacking_default\"><div class=\"wpb_column vc_column_container\"><div class=\"vc_column-inner\"><div class=\"w-grid us_grid type_grid layout_50 cols_4 preload_style_spinner with_css_animation\" id=\"us_grid_1\" style=\"--columns:4;--gap:0.5rem;\"><style>@media (max-width:1380px){#us_grid_1{--columns:3!important}}@media (max-width:1024px){#us_grid_1{--columns:2!important}}@media (max-width:600px){#us_grid_1{--columns:1!important}}.layout_50 .w-grid-item-h{}.layout_50 .usg_post_image_1{margin-bottom:0.6rem!important}.layout_50 .usg_post_title_1{text-align:center!important;font-size:1.2rem!important;margin-bottom:0.3rem!important}.layout_50 .usg_text_1{color:#f0871f!important;text-align:center!important;margin-top:10px!important}.layout_50 .usg_post_custom_field_1{margin-bottom:0.6rem!important}<\/style><div class=\"w-grid-list\">\t<div class=\"w-grid-item type_term term-146 term-aeration us_animate_afb ratio_1x1\" style=\"animation-delay:0s\">\r\n\t\t<div class=\"w-grid-item-h\">\r\n\t\t\t\t\t\t<div class=\"w-post-elm post_custom_field usg_post_custom_field_1 type_image product_category_featured_image color_link_inherit has_ratio\"><a href=\"https:\/\/pmcengineering.net\/fr\/aeration\/\"><div style=\"padding-bottom:66.6667%\"><\/div><img decoding=\"async\" width=\"841\" height=\"564\" src=\"https:\/\/pmcengineering.net\/wp-content\/uploads\/2024\/01\/5-Aeration.jpg\" class=\"attachment-large size-large\" alt=\"Water and Waste water treatment Equipment\" srcset=\"https:\/\/pmcengineering.net\/wp-content\/uploads\/2024\/01\/5-Aeration.jpg 841w, https:\/\/pmcengineering.net\/wp-content\/uploads\/2024\/01\/5-Aeration-300x201.jpg 300w\" sizes=\"(max-width: 841px) 100vw, 841px\" \/><\/a><\/div><h2 class=\"w-post-elm post_title usg_post_title_1 align_center entry-title color_link_inherit\"><a href=\"https:\/\/pmcengineering.net\/fr\/aeration\/\">A\u00e9ration<\/a><\/h2><div class=\"w-text usg_text_1 has_text_color icon_atright\"><a href=\"https:\/\/pmcengineering.net\/fr\/aeration\/\" class=\"w-text-h\"><span class=\"w-text-value\">Plus<\/span><i class=\"fal fa-chevron-right\"><\/i><\/a><\/div>\t\t<\/div>\r\n\t\t\t<\/div>\r\n\t<div class=\"w-grid-item type_term term-145 term-demineralisation-edi-adoucissement us_animate_afb ratio_1x1\" style=\"animation-delay:0.1s\">\r\n\t\t<div class=\"w-grid-item-h\">\r\n\t\t\t\t\t\t<div class=\"w-post-elm post_custom_field usg_post_custom_field_1 type_image product_category_featured_image color_link_inherit has_ratio\"><a href=\"https:\/\/pmcengineering.net\/fr\/demineralisation-edi-adoucissement\/\"><div style=\"padding-bottom:66.6667%\"><\/div><img decoding=\"async\" width=\"530\" height=\"530\" src=\"https:\/\/pmcengineering.net\/wp-content\/uploads\/2024\/05\/deminerallisation-edi-softening-image.jpg\" class=\"attachment-large size-large\" alt=\"\" \/><\/a><\/div><h2 class=\"w-post-elm post_title usg_post_title_1 align_center entry-title color_link_inherit\"><a href=\"https:\/\/pmcengineering.net\/fr\/demineralisation-edi-adoucissement\/\">D\u00e9min\u00e9ralisation, EDI &amp; Adoucissement<\/a><\/h2><div class=\"w-text usg_text_1 has_text_color icon_atright\"><a href=\"https:\/\/pmcengineering.net\/fr\/demineralisation-edi-adoucissement\/\" class=\"w-text-h\"><span class=\"w-text-value\">Plus<\/span><i class=\"fal fa-chevron-right\"><\/i><\/a><\/div>\t\t<\/div>\r\n\t\t\t<\/div>\r\n\t<div class=\"w-grid-item type_term term-147 term-desinfection us_animate_afb ratio_1x1\" style=\"animation-delay:0.2s\">\r\n\t\t<div class=\"w-grid-item-h\">\r\n\t\t\t\t\t\t<div class=\"w-post-elm post_custom_field usg_post_custom_field_1 type_image product_category_featured_image color_link_inherit has_ratio\"><a href=\"https:\/\/pmcengineering.net\/fr\/desinfection\/\"><div style=\"padding-bottom:66.6667%\"><\/div><img decoding=\"async\" width=\"770\" height=\"515\" src=\"https:\/\/pmcengineering.net\/wp-content\/uploads\/2024\/05\/Desinfection-image.jpg\" class=\"attachment-large size-large\" alt=\"\" \/><\/a><\/div><h2 class=\"w-post-elm post_title usg_post_title_1 align_center entry-title color_link_inherit\"><a href=\"https:\/\/pmcengineering.net\/fr\/desinfection\/\">D\u00e9sinfection<\/a><\/h2><div class=\"w-text usg_text_1 has_text_color icon_atright\"><a href=\"https:\/\/pmcengineering.net\/fr\/desinfection\/\" class=\"w-text-h\"><span class=\"w-text-value\">Plus<\/span><i class=\"fal fa-chevron-right\"><\/i><\/a><\/div>\t\t<\/div>\r\n\t\t\t<\/div>\r\n\t<div class=\"w-grid-item type_term term-143 term-equipement-de-traitement-des-eaux-usees us_animate_afb ratio_1x1\" style=\"animation-delay:0.3s\">\r\n\t\t<div class=\"w-grid-item-h\">\r\n\t\t\t\t\t\t<div class=\"w-post-elm post_custom_field usg_post_custom_field_1 type_image product_category_featured_image color_link_inherit has_ratio\"><a href=\"https:\/\/pmcengineering.net\/fr\/equipement-de-traitement-des-eaux-usees\/\"><div style=\"padding-bottom:66.6667%\"><\/div><img decoding=\"async\" width=\"790\" height=\"527\" src=\"https:\/\/pmcengineering.net\/wp-content\/uploads\/2024\/05\/waste-water-treatment-equipment-image.jpg\" class=\"attachment-large size-large\" alt=\"\" \/><\/a><\/div><h2 class=\"w-post-elm post_title usg_post_title_1 align_center entry-title color_link_inherit\"><a href=\"https:\/\/pmcengineering.net\/fr\/equipement-de-traitement-des-eaux-usees\/\">\u00c9quipement de traitement des eaux us\u00e9es<\/a><\/h2><div class=\"w-text usg_text_1 has_text_color icon_atright\"><a href=\"https:\/\/pmcengineering.net\/fr\/equipement-de-traitement-des-eaux-usees\/\" class=\"w-text-h\"><span class=\"w-text-value\">Plus<\/span><i class=\"fal fa-chevron-right\"><\/i><\/a><\/div>\t\t<\/div>\r\n\t\t\t<\/div>\r\n\t<div class=\"w-grid-item type_term term-151 term-filtration-de-leau-avec-media us_animate_afb ratio_1x1\" style=\"animation-delay:0.4s\">\r\n\t\t<div class=\"w-grid-item-h\">\r\n\t\t\t\t\t\t<div class=\"w-post-elm post_custom_field usg_post_custom_field_1 type_image product_category_featured_image color_link_inherit has_ratio\"><a href=\"https:\/\/pmcengineering.net\/fr\/filtration-de-leau-avec-media\/\"><div style=\"padding-bottom:66.6667%\"><\/div><img decoding=\"async\" width=\"530\" height=\"530\" src=\"https:\/\/pmcengineering.net\/wp-content\/uploads\/2024\/05\/water-filtration-with-media.jpg\" class=\"attachment-large size-large\" alt=\"\" \/><\/a><\/div><h2 class=\"w-post-elm post_title usg_post_title_1 align_center entry-title color_link_inherit\"><a href=\"https:\/\/pmcengineering.net\/fr\/filtration-de-leau-avec-media\/\">Filtration de l\u2019eau avec m\u00e9dia<\/a><\/h2><div class=\"w-text usg_text_1 has_text_color icon_atright\"><a href=\"https:\/\/pmcengineering.net\/fr\/filtration-de-leau-avec-media\/\" class=\"w-text-h\"><span class=\"w-text-value\">Plus<\/span><i class=\"fal fa-chevron-right\"><\/i><\/a><\/div>\t\t<\/div>\r\n\t\t\t<\/div>\r\n\t<div class=\"w-grid-item type_term term-149 term-osmose-inverse-et-dessalement us_animate_afb ratio_1x1\" style=\"animation-delay:0.5s\">\r\n\t\t<div class=\"w-grid-item-h\">\r\n\t\t\t\t\t\t<div class=\"w-post-elm post_custom_field usg_post_custom_field_1 type_image product_category_featured_image color_link_inherit has_ratio\"><a href=\"https:\/\/pmcengineering.net\/fr\/osmose-inverse-et-dessalement\/\"><div style=\"padding-bottom:66.6667%\"><\/div><img decoding=\"async\" width=\"770\" height=\"515\" src=\"https:\/\/pmcengineering.net\/wp-content\/uploads\/2024\/05\/reverse-osmosis-system-image.jpg\" class=\"attachment-large size-large\" alt=\"\" \/><\/a><\/div><h2 class=\"w-post-elm post_title usg_post_title_1 align_center entry-title color_link_inherit\"><a href=\"https:\/\/pmcengineering.net\/fr\/osmose-inverse-et-dessalement\/\">Osmose inverse et dessalement<\/a><\/h2><div class=\"w-text usg_text_1 has_text_color icon_atright\"><a href=\"https:\/\/pmcengineering.net\/fr\/osmose-inverse-et-dessalement\/\" class=\"w-text-h\"><span class=\"w-text-value\">Plus<\/span><i class=\"fal fa-chevron-right\"><\/i><\/a><\/div>\t\t<\/div>\r\n\t\t\t<\/div>\r\n\t<div class=\"w-grid-item type_term term-148 term-stations-de-traitement-densemble-sbr-mbr-mbbr us_animate_afb ratio_1x1\" style=\"animation-delay:0.6s\">\r\n\t\t<div class=\"w-grid-item-h\">\r\n\t\t\t\t\t\t<div class=\"w-post-elm post_custom_field usg_post_custom_field_1 type_image product_category_featured_image color_link_inherit has_ratio\"><a href=\"https:\/\/pmcengineering.net\/fr\/stations-de-traitement-densemble-sbr-mbr-mbbr\/\"><div style=\"padding-bottom:66.6667%\"><\/div><img decoding=\"async\" width=\"530\" height=\"530\" src=\"https:\/\/pmcengineering.net\/wp-content\/uploads\/2024\/01\/Package-treatment.jpg\" class=\"attachment-large size-large\" alt=\"Packapge WWTP (SBR MBR MBBR)\" \/><\/a><\/div><h2 class=\"w-post-elm post_title usg_post_title_1 align_center entry-title color_link_inherit\"><a href=\"https:\/\/pmcengineering.net\/fr\/stations-de-traitement-densemble-sbr-mbr-mbbr\/\">Stations de traitement d\u2019ensemble (SBR, MBR, MBBR)<\/a><\/h2><div class=\"w-text usg_text_1 has_text_color icon_atright\"><a href=\"https:\/\/pmcengineering.net\/fr\/stations-de-traitement-densemble-sbr-mbr-mbbr\/\" class=\"w-text-h\"><span class=\"w-text-value\">Plus<\/span><i class=\"fal fa-chevron-right\"><\/i><\/a><\/div>\t\t<\/div>\r\n\t\t\t<\/div>\r\n\t<div class=\"w-grid-item type_term term-160 term-systeme-de-dessalement-deau-de-mer us_animate_afb ratio_1x1\" style=\"animation-delay:0.7s\">\r\n\t\t<div class=\"w-grid-item-h\">\r\n\t\t\t\t\t\t<div class=\"w-post-elm post_custom_field usg_post_custom_field_1 type_image product_category_featured_image color_link_inherit has_ratio\"><a href=\"https:\/\/pmcengineering.net\/fr\/systeme-de-dessalement-deau-de-mer\/\"><div style=\"padding-bottom:66.6667%\"><\/div><img decoding=\"async\" width=\"770\" height=\"515\" src=\"https:\/\/pmcengineering.net\/wp-content\/uploads\/2024\/05\/reverse-osmosis-system-image.jpg\" class=\"attachment-large size-large\" alt=\"\" \/><\/a><\/div><h2 class=\"w-post-elm post_title usg_post_title_1 align_center entry-title color_link_inherit\"><a href=\"https:\/\/pmcengineering.net\/fr\/systeme-de-dessalement-deau-de-mer\/\">Syst\u00e8me de dessalement d&rsquo;eau de mer<\/a><\/h2><div class=\"w-text usg_text_1 has_text_color icon_atright\"><a href=\"https:\/\/pmcengineering.net\/fr\/systeme-de-dessalement-deau-de-mer\/\" class=\"w-text-h\"><span class=\"w-text-value\">Plus<\/span><i class=\"fal fa-chevron-right\"><\/i><\/a><\/div>\t\t<\/div>\r\n\t\t\t<\/div>\r\n\t<div class=\"w-grid-item type_term term-142 term-traitement-de-leau-de-riviere us_animate_afb ratio_1x1\" style=\"animation-delay:0s\">\r\n\t\t<div class=\"w-grid-item-h\">\r\n\t\t\t\t\t\t<div class=\"w-post-elm post_custom_field usg_post_custom_field_1 type_image product_category_featured_image color_link_inherit has_ratio\"><a href=\"https:\/\/pmcengineering.net\/fr\/traitement-de-leau-de-riviere\/\"><div style=\"padding-bottom:66.6667%\"><\/div><img decoding=\"async\" width=\"790\" height=\"527\" src=\"https:\/\/pmcengineering.net\/wp-content\/uploads\/2023\/03\/River-Water-Treatment4.jpg\" class=\"attachment-large size-large\" alt=\"River Water Treatment\" \/><\/a><\/div><h2 class=\"w-post-elm post_title usg_post_title_1 align_center entry-title color_link_inherit\"><a href=\"https:\/\/pmcengineering.net\/fr\/traitement-de-leau-de-riviere\/\">Traitement de l\u2019eau de rivi\u00e8re<\/a><\/h2><div class=\"w-text usg_text_1 has_text_color icon_atright\"><a href=\"https:\/\/pmcengineering.net\/fr\/traitement-de-leau-de-riviere\/\" class=\"w-text-h\"><span class=\"w-text-value\">Plus<\/span><i class=\"fal fa-chevron-right\"><\/i><\/a><\/div>\t\t<\/div>\r\n\t\t\t<\/div>\r\n\t<div class=\"w-grid-item type_term term-150 term-uf-recyclage us_animate_afb ratio_1x1\" style=\"animation-delay:0.1s\">\r\n\t\t<div class=\"w-grid-item-h\">\r\n\t\t\t\t\t\t<div class=\"w-post-elm post_custom_field usg_post_custom_field_1 type_image product_category_featured_image color_link_inherit has_ratio\"><a href=\"https:\/\/pmcengineering.net\/fr\/uf-recyclage\/\"><div style=\"padding-bottom:66.6667%\"><\/div><img decoding=\"async\" width=\"770\" height=\"515\" src=\"https:\/\/pmcengineering.net\/wp-content\/uploads\/2024\/05\/UF-Recycling-image.jpg\" class=\"attachment-large size-large\" alt=\"\" \/><\/a><\/div><h2 class=\"w-post-elm post_title usg_post_title_1 align_center entry-title color_link_inherit\"><a href=\"https:\/\/pmcengineering.net\/fr\/uf-recyclage\/\">UF &amp; Recyclage<\/a><\/h2><div class=\"w-text usg_text_1 has_text_color icon_atright\"><a href=\"https:\/\/pmcengineering.net\/fr\/uf-recyclage\/\" class=\"w-text-h\"><span class=\"w-text-value\">Plus<\/span><i class=\"fal fa-chevron-right\"><\/i><\/a><\/div>\t\t<\/div>\r\n\t\t\t<\/div>\r\n<\/div>\t<div class=\"w-grid-json hidden\" onclick='return {&quot;template_vars&quot;:{&quot;lang&quot;:&quot;fr&quot;}}'><\/div>\r\n\t<\/div><\/div><\/div><\/div><\/div><\/section>\n","protected":false},"excerpt":{"rendered":"A\u00e9rationPlus D\u00e9min\u00e9ralisation, EDI &amp; AdoucissementPlus D\u00e9sinfectionPlus \u00c9quipement de traitement des eaux us\u00e9esPlus Filtration de l\u2019eau avec m\u00e9diaPlus Osmose inverse et dessalementPlus Stations de traitement d\u2019ensemble (SBR, MBR, MBBR)Plus Syst\u00e8me de dessalement d&rsquo;eau de merPlus Traitement de l\u2019eau de rivi\u00e8rePlus UF &amp; RecyclagePlus","protected":false},"author":1,"featured_media":12781,"parent":0,"menu_order":0,"comment_status":"closed","ping_status":"closed","template":"","meta":{"_acf_changed":false,"footnotes":""},"class_list":["post-13511","page","type-page","status-publish","has-post-thumbnail","hentry"],"acf":[],"_links":{"self":[{"href":"https:\/\/pmcengineering.net\/fr\/wp-json\/wp\/v2\/pages\/13511","targetHints":{"allow":["GET"]}}],"collection":[{"href":"https:\/\/pmcengineering.net\/fr\/wp-json\/wp\/v2\/pages"}],"about":[{"href":"https:\/\/pmcengineering.net\/fr\/wp-json\/wp\/v2\/types\/page"}],"author":[{"embeddable":true,"href":"https:\/\/pmcengineering.net\/fr\/wp-json\/wp\/v2\/users\/1"}],"replies":[{"embeddable":true,"href":"https:\/\/pmcengineering.net\/fr\/wp-json\/wp\/v2\/comments?post=13511"}],"version-history":[{"count":3,"href":"https:\/\/pmcengineering.net\/fr\/wp-json\/wp\/v2\/pages\/13511\/revisions"}],"predecessor-version":[{"id":14199,"href":"https:\/\/pmcengineering.net\/fr\/wp-json\/wp\/v2\/pages\/13511\/revisions\/14199"}],"wp:featuredmedia":[{"embeddable":true,"href":"https:\/\/pmcengineering.net\/fr\/wp-json\/wp\/v2\/media\/12781"}],"wp:attachment":[{"href":"https:\/\/pmcengineering.net\/fr\/wp-json\/wp\/v2\/media?parent=13511"}],"curies":[{"name":"wp","href":"https:\/\/api.w.org\/{rel}","templated":true}]}}