{"id":13525,"date":"2023-12-19T14:40:36","date_gmt":"2023-12-19T14:40:36","guid":{"rendered":"https:\/\/pmcengineering.net\/products\/"},"modified":"2024-05-07T12:47:33","modified_gmt":"2024-05-07T12:47:33","slug":"des-produits","status":"publish","type":"page","link":"https:\/\/pmcengineering.net\/fr\/des-produits\/","title":{"rendered":"Des produits"},"content":{"rendered":"<section class=\"l-section wpb_row height_medium\"><div class=\"l-section-h i-cf\"><div class=\"g-cols vc_row via_grid cols_1 laptops-cols_inherit tablets-cols_inherit mobiles-cols_1 valign_top type_default stacking_default\"><div class=\"wpb_column vc_column_container\"><div class=\"vc_column-inner\"><div class=\"w-grid us_grid type_grid layout_50 cols_3 preload_style_spinner with_css_animation\" id=\"us_grid_1\" style=\"--columns:3;--gap:0.5rem;\"><style>@media (max-width:1024px){#us_grid_1{--columns:2!important}}@media (max-width:600px){#us_grid_1{--columns:1!important}}.layout_50 .w-grid-item-h{}.layout_50 .usg_post_image_1{margin-bottom:0.6rem!important}.layout_50 .usg_post_title_1{text-align:center!important;font-size:1.2rem!important;margin-bottom:0.3rem!important}.layout_50 .usg_text_1{color:#f0871f!important;text-align:center!important;margin-top:10px!important}.layout_50 .usg_post_custom_field_1{margin-bottom:0.6rem!important}<\/style><div class=\"w-grid-list\">\t<div class=\"w-grid-item type_term term-125 term-traitement-de-leau-propre us_animate_afb ratio_1x1\" style=\"animation-delay:0s\">\r\n\t\t<div class=\"w-grid-item-h\">\r\n\t\t\t\t\t\t<div class=\"w-post-elm post_custom_field usg_post_custom_field_1 type_image product_category_featured_image color_link_inherit has_ratio\"><a href=\"https:\/\/pmcengineering.net\/fr\/traitement-de-leau-propre\/\"><div style=\"padding-bottom:66.6667%\"><\/div><img decoding=\"async\" width=\"770\" height=\"515\" src=\"https:\/\/pmcengineering.net\/wp-content\/uploads\/2023\/03\/Activated-Carbon-Filters6.jpg\" class=\"attachment-large size-large\" alt=\"https:\/\/mangaokutr.com\/i-just-want-to-be-killed-bolum-0\/\" srcset=\"https:\/\/pmcengineering.net\/wp-content\/uploads\/2023\/03\/Activated-Carbon-Filters6.jpg 770w, https:\/\/pmcengineering.net\/wp-content\/uploads\/2023\/03\/Activated-Carbon-Filters6-300x201.jpg 300w\" sizes=\"(max-width: 770px) 100vw, 770px\" \/><\/a><\/div><h2 class=\"w-post-elm post_title usg_post_title_1 align_center entry-title color_link_inherit\"><a href=\"https:\/\/pmcengineering.net\/fr\/traitement-de-leau-propre\/\">Traitement de l&rsquo;eau propre<\/a><\/h2><div class=\"w-text usg_text_1 has_text_color icon_atright\"><a href=\"https:\/\/pmcengineering.net\/fr\/traitement-de-leau-propre\/\" class=\"w-text-h\"><span class=\"w-text-value\">Plus<\/span><i class=\"fal fa-chevron-right\"><\/i><\/a><\/div>\t\t<\/div>\r\n\t\t\t<\/div>\r\n\t<div class=\"w-grid-item type_term term-127 term-traitement-des-eaux-usees us_animate_afb ratio_1x1\" style=\"animation-delay:0.1s\">\r\n\t\t<div class=\"w-grid-item-h\">\r\n\t\t\t\t\t\t<div class=\"w-post-elm post_custom_field usg_post_custom_field_1 type_image product_category_featured_image color_link_inherit has_ratio\"><a href=\"https:\/\/pmcengineering.net\/fr\/traitement-des-eaux-usees\/\"><div style=\"padding-bottom:66.6667%\"><\/div><img decoding=\"async\" width=\"1024\" height=\"683\" src=\"https:\/\/pmcengineering.net\/wp-content\/uploads\/2023\/12\/wastewater-equipments-1536x1024-1-1024x683.jpg\" class=\"attachment-large size-large\" alt=\"Mega Menu Products EN\" \/><\/a><\/div><h2 class=\"w-post-elm post_title usg_post_title_1 align_center entry-title color_link_inherit\"><a href=\"https:\/\/pmcengineering.net\/fr\/traitement-des-eaux-usees\/\">Traitement des eaux us\u00e9es<\/a><\/h2><div class=\"w-text usg_text_1 has_text_color icon_atright\"><a href=\"https:\/\/pmcengineering.net\/fr\/traitement-des-eaux-usees\/\" class=\"w-text-h\"><span class=\"w-text-value\">Plus<\/span><i class=\"fal fa-chevron-right\"><\/i><\/a><\/div>\t\t<\/div>\r\n\t\t\t<\/div>\r\n\t<div class=\"w-grid-item type_term term-126 term-equipements-supplementaires us_animate_afb ratio_1x1\" style=\"animation-delay:0.2s\">\r\n\t\t<div class=\"w-grid-item-h\">\r\n\t\t\t\t\t\t<div class=\"w-post-elm post_custom_field usg_post_custom_field_1 type_image product_category_featured_image color_link_inherit has_ratio\"><a href=\"https:\/\/pmcengineering.net\/fr\/equipements-supplementaires\/\"><div style=\"padding-bottom:66.6667%\"><\/div><img decoding=\"async\" width=\"1024\" height=\"683\" src=\"https:\/\/pmcengineering.net\/wp-content\/uploads\/2023\/12\/additional-equipments-1536x1024-1-1024x683.jpg\" class=\"attachment-large size-large\" alt=\"Mega Menu Products EN\" \/><\/a><\/div><h2 class=\"w-post-elm post_title usg_post_title_1 align_center entry-title color_link_inherit\"><a href=\"https:\/\/pmcengineering.net\/fr\/equipements-supplementaires\/\">\u00c9quipements suppl\u00e9mentaires<\/a><\/h2><div class=\"w-text usg_text_1 has_text_color icon_atright\"><a href=\"https:\/\/pmcengineering.net\/fr\/equipements-supplementaires\/\" class=\"w-text-h\"><span class=\"w-text-value\">Plus<\/span><i class=\"fal fa-chevron-right\"><\/i><\/a><\/div>\t\t<\/div>\r\n\t\t\t<\/div>\r\n<\/div>\t<div class=\"w-grid-json hidden\" onclick='return {&quot;template_vars&quot;:{&quot;lang&quot;:&quot;fr&quot;}}'><\/div>\r\n\t<\/div><\/div><\/div><\/div><\/div><\/section>\n","protected":false},"excerpt":{"rendered":"Traitement de l&rsquo;eau proprePlus Traitement des eaux us\u00e9esPlus \u00c9quipements suppl\u00e9mentairesPlus","protected":false},"author":1,"featured_media":0,"parent":0,"menu_order":0,"comment_status":"closed","ping_status":"closed","template":"","meta":{"_acf_changed":false,"footnotes":""},"class_list":["post-13525","page","type-page","status-publish","hentry"],"acf":[],"_links":{"self":[{"href":"https:\/\/pmcengineering.net\/fr\/wp-json\/wp\/v2\/pages\/13525","targetHints":{"allow":["GET"]}}],"collection":[{"href":"https:\/\/pmcengineering.net\/fr\/wp-json\/wp\/v2\/pages"}],"about":[{"href":"https:\/\/pmcengineering.net\/fr\/wp-json\/wp\/v2\/types\/page"}],"author":[{"embeddable":true,"href":"https:\/\/pmcengineering.net\/fr\/wp-json\/wp\/v2\/users\/1"}],"replies":[{"embeddable":true,"href":"https:\/\/pmcengineering.net\/fr\/wp-json\/wp\/v2\/comments?post=13525"}],"version-history":[{"count":1,"href":"https:\/\/pmcengineering.net\/fr\/wp-json\/wp\/v2\/pages\/13525\/revisions"}],"predecessor-version":[{"id":14168,"href":"https:\/\/pmcengineering.net\/fr\/wp-json\/wp\/v2\/pages\/13525\/revisions\/14168"}],"wp:attachment":[{"href":"https:\/\/pmcengineering.net\/fr\/wp-json\/wp\/v2\/media?parent=13525"}],"curies":[{"name":"wp","href":"https:\/\/api.w.org\/{rel}","templated":true}]}}